{"id":1414,"date":"2025-05-21T13:50:22","date_gmt":"2025-05-21T11:50:22","guid":{"rendered":"https:\/\/www.rociomarquez.com\/?post_type=product&#038;p=1414"},"modified":"2025-05-21T14:07:39","modified_gmt":"2025-05-21T12:07:39","slug":"himno-vertical-cd","status":"publish","type":"product","link":"https:\/\/www.rociomarquez.com\/es\/producto\/himno-vertical-cd\/","title":{"rendered":"HIMNO VERTICAL &#8211; CD"},"content":{"rendered":"<p><strong data-start=\"156\" data-end=\"225\">CD de <em data-start=\"173\" data-end=\"189\">Himno Vertical<\/em>, el nuevo \u00e1lbum de Roc\u00edo M\u00e1rquez, junto a Pedro Rojas Og\u00e1yar. <\/strong>Una obra ritual que gira en espiral entre lo \u00edntimo y lo colectivo. Esta edici\u00f3n incluye libreto con letras y material visual exclusivo.<\/p>\n","protected":false},"excerpt":{"rendered":"<p>CD de Himno Vertical, el nuevo \u00e1lbum de Roc\u00edo M\u00e1rquez, junto a Pedro Rojas Og\u00e1yar. Una obra ritual que gira en espiral entre lo \u00edntimo y lo colectivo. Esta edici\u00f3n incluye libreto con letras y material visual exclusivo.<\/p>\n","protected":false},"featured_media":1426,"comment_status":"open","ping_status":"closed","template":"","meta":[],"product_brand":[],"product_cat":[37,36],"product_tag":[],"class_list":{"0":"post-1414","1":"product","2":"type-product","3":"status-publish","4":"has-post-thumbnail","6":"product_cat-himno-vertical","7":"product_cat-vinilo","9":"first","10":"instock","11":"taxable","12":"shipping-taxable","13":"purchasable","14":"product-type-simple"},"_links":{"self":[{"href":"https:\/\/www.rociomarquez.com\/es\/wp-json\/wp\/v2\/product\/1414","targetHints":{"allow":["GET"]}}],"collection":[{"href":"https:\/\/www.rociomarquez.com\/es\/wp-json\/wp\/v2\/product"}],"about":[{"href":"https:\/\/www.rociomarquez.com\/es\/wp-json\/wp\/v2\/types\/product"}],"replies":[{"embeddable":true,"href":"https:\/\/www.rociomarquez.com\/es\/wp-json\/wp\/v2\/comments?post=1414"}],"wp:featuredmedia":[{"embeddable":true,"href":"https:\/\/www.rociomarquez.com\/es\/wp-json\/wp\/v2\/media\/1426"}],"wp:attachment":[{"href":"https:\/\/www.rociomarquez.com\/es\/wp-json\/wp\/v2\/media?parent=1414"}],"wp:term":[{"taxonomy":"product_brand","embeddable":true,"href":"https:\/\/www.rociomarquez.com\/es\/wp-json\/wp\/v2\/product_brand?post=1414"},{"taxonomy":"product_cat","embeddable":true,"href":"https:\/\/www.rociomarquez.com\/es\/wp-json\/wp\/v2\/product_cat?post=1414"},{"taxonomy":"product_tag","embeddable":true,"href":"https:\/\/www.rociomarquez.com\/es\/wp-json\/wp\/v2\/product_tag?post=1414"}],"curies":[{"name":"wp","href":"https:\/\/api.w.org\/{rel}","templated":true}]}}