{"id":116,"date":"2024-01-02T13:27:28","date_gmt":"2024-01-02T12:27:28","guid":{"rendered":"https:\/\/www.rociomarquez.com\/?page_id=116"},"modified":"2024-01-02T15:24:34","modified_gmt":"2024-01-02T14:24:34","slug":"kit-digital","status":"publish","type":"page","link":"https:\/\/www.rociomarquez.com\/es\/kit-digital\/","title":{"rendered":"Kit Digital"},"content":{"rendered":"\t\t<div data-elementor-type=\"wp-page\" data-elementor-id=\"116\" class=\"elementor elementor-116\">\n\t\t\t\t\t\t<section class=\"elementor-section elementor-top-section elementor-element elementor-element-47fe3ba9 elementor-section-full_width elementor-section-content-middle elementor-section-stretched elementor-section-items-top elementor-section-height-min-height elementor-section-height-default wpr-particle-no wpr-jarallax-no wpr-parallax-no wpr-sticky-section-no\" data-id=\"47fe3ba9\" data-element_type=\"section\" data-settings=\"{&quot;stretch_section&quot;:&quot;section-stretched&quot;,&quot;background_background&quot;:&quot;video&quot;,&quot;background_play_on_mobile&quot;:&quot;yes&quot;,&quot;background_video_end&quot;:239}\">\n\t\t\t\t\t\t\t<div class=\"elementor-background-overlay\"><\/div>\n\t\t\t\t\t\t\t<div class=\"elementor-container elementor-column-gap-narrow\">\n\t\t\t\t\t<div class=\"elementor-column elementor-col-100 elementor-top-column elementor-element elementor-element-77ece5ec\" data-id=\"77ece5ec\" data-element_type=\"column\">\n\t\t\t<div class=\"elementor-widget-wrap elementor-element-populated\">\n\t\t\t\t\t\t<section class=\"elementor-section elementor-inner-section elementor-element elementor-element-7b44d537 elementor-section-full_width elementor-section-content-top elementor-section-height-default elementor-section-height-default wpr-particle-no wpr-jarallax-no wpr-parallax-no wpr-sticky-section-no\" data-id=\"7b44d537\" data-element_type=\"section\">\n\t\t\t\t\t\t<div class=\"elementor-container elementor-column-gap-default\">\n\t\t\t\t\t<div class=\"elementor-column elementor-col-50 elementor-inner-column elementor-element elementor-element-49f92c2f\" data-id=\"49f92c2f\" data-element_type=\"column\">\n\t\t\t<div class=\"elementor-widget-wrap elementor-element-populated\">\n\t\t\t\t\t\t<div class=\"elementor-element elementor-element-6351fb81 elementor-widget elementor-widget-text-editor\" data-id=\"6351fb81\" data-element_type=\"widget\" data-widget_type=\"text-editor.default\">\n\t\t\t\t<div class=\"elementor-widget-container\">\n\t\t\t\t\t\t\t<p><a href=\"http:\/\/www.rociomarquez.com\" data-wplink-edit=\"true\">ROC\u00cdO M\u00c1RQUEZ<\/a>\u00a0\/ KIT DIGITAL<\/p>\t\t\t\t\t\t<\/div>\n\t\t\t\t<\/div>\n\t\t\t\t\t<\/div>\n\t\t<\/div>\n\t\t\t\t<div class=\"elementor-column elementor-col-50 elementor-inner-column elementor-element elementor-element-245f88ef\" data-id=\"245f88ef\" data-element_type=\"column\">\n\t\t\t<div class=\"elementor-widget-wrap elementor-element-populated\">\n\t\t\t\t\t\t<div class=\"elementor-element elementor-element-8b536f2 eael-hamburger--desktop eael-simple-menu-hamburger-align-right elementor-widget elementor-widget-eael-simple-menu\" data-id=\"8b536f2\" data-element_type=\"widget\" data-widget_type=\"eael-simple-menu.default\">\n\t\t\t\t<div class=\"elementor-widget-container\">\n\t\t\t<style>\n                        @media screen and (max-width: 2399px) {\n                            .eael-hamburger--desktop {\n                                .eael-simple-menu-horizontal,\n                                .eael-simple-menu-vertical {\n                                    display: none;\n                                }\n                            }\n                            .eael-hamburger--desktop {\n                                .eael-simple-menu-container .eael-simple-menu-toggle {\n                                    display: block;\n                                }\n                            }\n                        }\n                    <\/style>            <div data-hamburger-icon=\"&lt;i aria-hidden=&quot;true&quot; class=&quot;fas fa-bars&quot;&gt;&lt;\/i&gt;\" data-indicator-icon=\"&lt;i aria-hidden=&quot;true&quot; class=&quot;fas fa-angle-down&quot;&gt;&lt;\/i&gt;\" data-dropdown-indicator-icon=\"&lt;i class=&quot;fas fa-angle-down&quot;&gt;&lt;\/i&gt;\" class=\"eael-simple-menu-container eael-simple-menu-align-right eael-simple-menu--stretch eael-simple-menu-dropdown-align-right preset-1\" data-hamburger-breakpoints=\"{&quot;mobile&quot;:&quot;M\\u00f3vil vertical (&gt; 767px)&quot;,&quot;tablet&quot;:&quot;Tableta vertical (&gt; 1024px)&quot;,&quot;desktop&quot;:&quot;Escritorio (&gt; 2400px)&quot;,&quot;none&quot;:&quot;Ninguno&quot;}\" data-hamburger-device=\"desktop\">\n                <ul id=\"menu-menu-principal\" class=\"eael-simple-menu eael-simple-menu-dropdown-animate-to-top eael-simple-menu-indicator eael-hamburger-right eael-simple-menu-vertical\"><li id=\"menu-item-277\" class=\"menu-item menu-item-type-custom menu-item-object-custom menu-item-277\"><a href=\"https:\/\/www.rociomarquez.com\/\">HOME<\/a><\/li>\n<li id=\"menu-item-274\" class=\"menu-item menu-item-type-post_type menu-item-object-page menu-item-274\"><a href=\"https:\/\/www.rociomarquez.com\/es\/himno-vertical\/shop\/\">SHOP<\/a><\/li>\n<li id=\"menu-item-278\" class=\"menu-item menu-item-type-custom menu-item-object-custom menu-item-278\"><a href=\"\/#gira\">GIRA<\/a><\/li>\n<li id=\"menu-item-273\" class=\"menu-item menu-item-type-post_type menu-item-object-page menu-item-273\"><a href=\"https:\/\/www.rociomarquez.com\/es\/prensa\/rocio\/\">BIO<\/a><\/li>\n<\/ul>                <button class=\"eael-simple-menu-toggle\">\n                    <span class=\"sr-only \">Men\u00fa conmutador hamburguesa<\/span>\n                    <i aria-hidden=\"true\" class=\"fas fa-bars\"><\/i>                <\/button>\n            <\/div>\n            \t\t<\/div>\n\t\t\t\t<\/div>\n\t\t\t\t\t<\/div>\n\t\t<\/div>\n\t\t\t\t\t<\/div>\n\t\t<\/section>\n\t\t\t\t<section class=\"elementor-section elementor-inner-section elementor-element elementor-element-3dec1dc0 elementor-section-full_width elementor-section-height-min-height elementor-section-content-top elementor-section-height-default wpr-particle-no wpr-jarallax-no wpr-parallax-no wpr-sticky-section-no\" data-id=\"3dec1dc0\" data-element_type=\"section\">\n\t\t\t\t\t\t<div class=\"elementor-container elementor-column-gap-default\">\n\t\t\t\t\t<div class=\"elementor-column elementor-col-100 elementor-inner-column elementor-element elementor-element-3889662f\" data-id=\"3889662f\" data-element_type=\"column\">\n\t\t\t<div class=\"elementor-widget-wrap elementor-element-populated\">\n\t\t\t\t\t\t<div class=\"elementor-element elementor-element-40d62299 elementor-widget elementor-widget-text-editor\" data-id=\"40d62299\" data-element_type=\"widget\" data-widget_type=\"text-editor.default\">\n\t\t\t\t<div class=\"elementor-widget-container\">\n\t\t\t\t\t\t\t<p>Orden ETD\/1498\/2021, de 29 de diciembre, por la que se aprueban las bases reguladoras de la concesi\u00f3n de ayudas para la digitalizaci\u00f3n de peque\u00f1as empresas, microempresas y personas en situaci\u00f3n de autoempleo, en el marco de la Agenda Espa\u00f1a Digital 2025, el Plan de Digitalizaci\u00f3n PYMEs 2021-2025 y el Plan de Recuperaci\u00f3n, Transformaci\u00f3n y Resiliencia de Espa\u00f1a -Financiado por la Uni\u00f3n Europea- Next Generation EU (Programa Kit Digital).<\/p><p>DESCRIPCI\u00d3N DEL PROYECTO:\u00a0Realizaci\u00f3n de la p\u00e1gina web rociomarquez.com e implementaci\u00f3n de pol\u00edticas de marketing digital para la mejora de las ventas online de la empresa, tanto a nivel nacional como internacional.<\/p><p>OBJETIVOS: DELIRIOYROMERO PRODUCCIONES SL. es una empresa con un gran crecimiento org\u00e1nico y ha planteado como objetivo dar el salto a nivel internacional para seguir creciendo.<\/p><p>BASE REGULADORA:\u00a0Orden ETD\/1498\/2021, de 29 de diciembre<\/p><p>PRESUPUESTO:\u00a02.000 \u20ac<\/p><p>AYUDA RECIBIDA: 2.000 \u20ac<\/p><p>FONDO: El programa Kit Digital se enmarca en el Plan de Recuperaci\u00f3n, Transformaci\u00f3n y Resiliencia, la agenda Espa\u00f1a Digital 2025 y el Plan de Digitalizaci\u00f3n de Pymes 2021-2025. Est\u00e1 dotado con un presupuesto de 3.067 millones de euros, financiado por la Uni\u00f3n Europea mediante los fondos NextGenerationEU. Tiene como objetivos modernizar el tejido productivo espa\u00f1ol, favorecer su crecimiento y su presencia en nuevos mercados.<\/p>\t\t\t\t\t\t<\/div>\n\t\t\t\t<\/div>\n\t\t\t\t\t<\/div>\n\t\t<\/div>\n\t\t\t\t\t<\/div>\n\t\t<\/section>\n\t\t\t\t<section class=\"elementor-section elementor-inner-section elementor-element elementor-element-42f0cba elementor-section-full_width elementor-section-content-bottom elementor-reverse-mobile elementor-section-height-default elementor-section-height-default wpr-particle-no wpr-jarallax-no wpr-parallax-no wpr-sticky-section-no\" data-id=\"42f0cba\" data-element_type=\"section\">\n\t\t\t\t\t\t<div class=\"elementor-container elementor-column-gap-default\">\n\t\t\t\t\t<div class=\"elementor-column elementor-col-50 elementor-inner-column elementor-element elementor-element-a3b136c\" data-id=\"a3b136c\" data-element_type=\"column\">\n\t\t\t<div class=\"elementor-widget-wrap elementor-element-populated\">\n\t\t\t\t\t\t<div class=\"elementor-element elementor-element-b8f27eb elementor-widget elementor-widget-text-editor\" data-id=\"b8f27eb\" data-element_type=\"widget\" data-widget_type=\"text-editor.default\">\n\t\t\t\t<div class=\"elementor-widget-container\">\n\t\t\t\t\t\t\t<p><a href=\"mailto:ernesto@rociomarquez.com\" target=\"_blank\" rel=\"noopener\">CONTACTO<\/a><\/p><p><a href=\"http:\/\/www.rociomarquez.com\">Roc\u00edo M\u00e1rquez<\/a>, 2024. <br \/>Todos los derechos reservados.<\/p><p><a href=\"https:\/\/www.rociomarquez.com\/aviso-legal\/\">Aviso legal<\/a>.<br \/><a href=\"https:\/\/www.rociomarquez.com\/politica-de-privacidad\/\">Pol\u00edtica de privacidad<\/a>.<br \/><a href=\"https:\/\/www.rociomarquez.com\/politica-de-cookies\/\">Pol\u00edtica de cookies<\/a>.<\/p><p>Im\u00e1genes: Pilar Lozano [Pl\u00e1stico Cruel]<br \/>Dise\u00f1o: <a href=\"http:\/\/lugadero.com\" target=\"_blank\" rel=\"noopener\">Lugadero.<\/a><\/p>\t\t\t\t\t\t<\/div>\n\t\t\t\t<\/div>\n\t\t\t\t\t<\/div>\n\t\t<\/div>\n\t\t\t\t<div class=\"elementor-column elementor-col-50 elementor-inner-column elementor-element elementor-element-df87eb8\" data-id=\"df87eb8\" data-element_type=\"column\">\n\t\t\t<div class=\"elementor-widget-wrap elementor-element-populated\">\n\t\t\t\t\t\t<div class=\"elementor-element elementor-element-e9fdab1 elementor-widget elementor-widget-text-editor\" data-id=\"e9fdab1\" data-element_type=\"widget\" data-widget_type=\"text-editor.default\">\n\t\t\t\t<div class=\"elementor-widget-container\">\n\t\t\t\t\t\t\t<p><a href=\"https:\/\/www.instagram.com\/rociomarquezoficial\/\" target=\"_blank\" rel=\"noopener\">instagram<\/a><\/p><p><a href=\"https:\/\/www.facebook.com\/RocioMarquezOficial\" target=\"_blank\" rel=\"noopener\">facebook<\/a><\/p><p><a href=\"https:\/\/www.youtube.com\/@RocioMarquezOficial\" target=\"_blank\" rel=\"noopener\">youtube<\/a><\/p><p><a href=\"https:\/\/twitter.com\/Rocio_Marquez_\" target=\"_blank\" rel=\"noopener\">X<\/a><\/p><p><a href=\"https:\/\/open.spotify.com\/intl-es\/artist\/0s5dS3eWWnruwMMtgn7pgQ\" target=\"_blank\" rel=\"noopener\">spotify<\/a><\/p>\t\t\t\t\t\t<\/div>\n\t\t\t\t<\/div>\n\t\t\t\t\t<\/div>\n\t\t<\/div>\n\t\t\t\t\t<\/div>\n\t\t<\/section>\n\t\t\t\t\t<\/div>\n\t\t<\/div>\n\t\t\t\t\t<\/div>\n\t\t<\/section>\n\t\t\t\t<\/div>\n\t\t","protected":false},"excerpt":{"rendered":"<p>ROC\u00cdO M\u00c1RQUEZ\u00a0\/ KIT DIGITAL HOME SHOP EN GIRA UNIVERSOS BIO PRESS Orden ETD\/1498\/2021, de 29 de diciembre, por la que se aprueban las bases reguladoras de la concesi\u00f3n de ayudas para la digitalizaci\u00f3n de peque\u00f1as empresas, microempresas y personas en situaci\u00f3n de autoempleo, en el marco de la Agenda Espa\u00f1a Digital 2025, el Plan de Digitalizaci\u00f3n PYMEs 2021-2025 y el Plan de Recuperaci\u00f3n, Transformaci\u00f3n y Resiliencia de Espa\u00f1a -Financiado por la Uni\u00f3n Europea- Next Generation EU (Programa Kit Digital). DESCRIPCI\u00d3N DEL PROYECTO:\u00a0Realizaci\u00f3n de la p\u00e1gina web rociomarquez.com e implementaci\u00f3n de pol\u00edticas de marketing digital para la mejora de las ventas online de la empresa, tanto a nivel nacional como internacional. OBJETIVOS: DELIRIOYROMERO PRODUCCIONES SL. es una empresa con un gran crecimiento org\u00e1nico y ha planteado como objetivo dar el salto a nivel internacional para seguir creciendo. BASE REGULADORA:\u00a0Orden ETD\/1498\/2021, de 29 de diciembre PRESUPUESTO:\u00a02.000 \u20ac AYUDA RECIBIDA: 2.000 \u20ac FONDO: El programa Kit Digital se enmarca en el Plan de Recuperaci\u00f3n, Transformaci\u00f3n y Resiliencia, la agenda Espa\u00f1a Digital 2025 y el Plan de Digitalizaci\u00f3n de Pymes 2021-2025. Est\u00e1 dotado con un presupuesto de 3.067 millones de euros, financiado por la Uni\u00f3n Europea mediante los fondos NextGenerationEU. Tiene como objetivos modernizar el tejido productivo espa\u00f1ol, favorecer su crecimiento y su presencia en nuevos mercados. CONTACTO Roc\u00edo M\u00e1rquez, 2024. Todos los derechos reservados. Aviso legal.Pol\u00edtica de privacidad.Pol\u00edtica de cookies. Im\u00e1genes: Pilar Lozano [Pl\u00e1stico Cruel]Dise\u00f1o: Lugadero. instagram facebook youtube X spotify<\/p>\n","protected":false},"author":1,"featured_media":0,"parent":0,"menu_order":0,"comment_status":"closed","ping_status":"closed","template":"elementor_canvas","meta":{"footnotes":""},"class_list":["post-116","page","type-page","status-publish","hentry"],"_links":{"self":[{"href":"https:\/\/www.rociomarquez.com\/es\/wp-json\/wp\/v2\/pages\/116","targetHints":{"allow":["GET"]}}],"collection":[{"href":"https:\/\/www.rociomarquez.com\/es\/wp-json\/wp\/v2\/pages"}],"about":[{"href":"https:\/\/www.rociomarquez.com\/es\/wp-json\/wp\/v2\/types\/page"}],"author":[{"embeddable":true,"href":"https:\/\/www.rociomarquez.com\/es\/wp-json\/wp\/v2\/users\/1"}],"replies":[{"embeddable":true,"href":"https:\/\/www.rociomarquez.com\/es\/wp-json\/wp\/v2\/comments?post=116"}],"version-history":[{"count":16,"href":"https:\/\/www.rociomarquez.com\/es\/wp-json\/wp\/v2\/pages\/116\/revisions"}],"predecessor-version":[{"id":318,"href":"https:\/\/www.rociomarquez.com\/es\/wp-json\/wp\/v2\/pages\/116\/revisions\/318"}],"wp:attachment":[{"href":"https:\/\/www.rociomarquez.com\/es\/wp-json\/wp\/v2\/media?parent=116"}],"curies":[{"name":"wp","href":"https:\/\/api.w.org\/{rel}","templated":true}]}}