{"id":204,"date":"2024-01-02T13:46:05","date_gmt":"2024-01-02T12:46:05","guid":{"rendered":"https:\/\/www.rociomarquez.com\/?page_id=204"},"modified":"2024-01-18T21:09:04","modified_gmt":"2024-01-18T20:09:04","slug":"press","status":"publish","type":"page","link":"https:\/\/www.rociomarquez.com\/en\/prensa\/press\/","title":{"rendered":"PRESS"},"content":{"rendered":"<div data-elementor-type=\"wp-page\" data-elementor-id=\"204\" class=\"elementor elementor-204\">\n\t\t\t\t\t\t<section class=\"elementor-section elementor-top-section elementor-element elementor-element-3790a12e elementor-section-full_width elementor-section-content-middle elementor-section-stretched elementor-section-items-top elementor-section-height-min-height elementor-section-height-default wpr-particle-no wpr-jarallax-no wpr-parallax-no wpr-sticky-section-no\" data-id=\"3790a12e\" data-element_type=\"section\" data-settings=\"{&quot;stretch_section&quot;:&quot;section-stretched&quot;,&quot;background_background&quot;:&quot;video&quot;,&quot;background_play_on_mobile&quot;:&quot;yes&quot;,&quot;background_video_link&quot;:&quot;https:\\\/\\\/www.youtube.com\\\/watch?v=D63VeKrZzfw&quot;,&quot;background_video_end&quot;:239}\">\n\t\t\t\t\t\t\t\t<div class=\"elementor-background-video-container\">\n\t\t\t\t\t\t\t\t\t\t\t\t\t<div class=\"elementor-background-video-embed\"><\/div>\n\t\t\t\t\t\t\t\t\t\t\t\t<\/div>\n\t\t\t\t\t\t\t\t\t<div class=\"elementor-background-overlay\"><\/div>\n\t\t\t\t\t\t\t<div class=\"elementor-container elementor-column-gap-narrow\">\n\t\t\t\t\t<div class=\"elementor-column elementor-col-100 elementor-top-column elementor-element elementor-element-badb579\" data-id=\"badb579\" data-element_type=\"column\">\n\t\t\t<div class=\"elementor-widget-wrap elementor-element-populated\">\n\t\t\t\t\t\t<section class=\"elementor-section elementor-inner-section elementor-element elementor-element-7817c2e5 elementor-section-full_width elementor-section-content-top elementor-section-height-default elementor-section-height-default wpr-particle-no wpr-jarallax-no wpr-parallax-no wpr-sticky-section-no\" data-id=\"7817c2e5\" data-element_type=\"section\">\n\t\t\t\t\t\t<div class=\"elementor-container elementor-column-gap-default\">\n\t\t\t\t\t<div class=\"elementor-column elementor-col-50 elementor-inner-column elementor-element elementor-element-9111a7e\" data-id=\"9111a7e\" data-element_type=\"column\">\n\t\t\t<div class=\"elementor-widget-wrap elementor-element-populated\">\n\t\t\t\t\t\t<div class=\"elementor-element elementor-element-267b05dc elementor-widget elementor-widget-text-editor\" data-id=\"267b05dc\" data-element_type=\"widget\" data-widget_type=\"text-editor.default\">\n\t\t\t\t<div class=\"elementor-widget-container\">\n\t\t\t\t\t\t\t<p><a href=\"http:\/\/www.rociomarquez.com\/en\/\">ROC\u00cdO M\u00c1RQUEZ<\/a>\u00a0\/ PRESS<\/p>\t\t\t\t\t\t<\/div>\n\t\t\t\t<\/div>\n\t\t\t\t\t<\/div>\n\t\t<\/div>\n\t\t\t\t<div class=\"elementor-column elementor-col-50 elementor-inner-column elementor-element elementor-element-2c9709f9\" data-id=\"2c9709f9\" data-element_type=\"column\">\n\t\t\t<div class=\"elementor-widget-wrap elementor-element-populated\">\n\t\t\t\t\t\t<div class=\"elementor-element elementor-element-22b0c31 eael-hamburger--desktop eael-simple-menu-hamburger-align-right elementor-widget elementor-widget-eael-simple-menu\" data-id=\"22b0c31\" data-element_type=\"widget\" data-widget_type=\"eael-simple-menu.default\">\n\t\t\t\t<div class=\"elementor-widget-container\">\n\t\t\t<style>\n                        @media screen and (max-width: 2399px) {\n                            .eael-hamburger--desktop {\n                                .eael-simple-menu-horizontal,\n                                .eael-simple-menu-vertical {\n                                    display: none;\n                                }\n                            }\n                            .eael-hamburger--desktop {\n                                .eael-simple-menu-container .eael-simple-menu-toggle {\n                                    display: block;\n                                }\n                            }\n                        }\n                    <\/style>            <div data-hamburger-icon=\"&lt;i aria-hidden=&quot;true&quot; class=&quot;fas fa-bars&quot;&gt;&lt;\/i&gt;\" data-indicator-icon=\"&lt;i aria-hidden=&quot;true&quot; class=&quot;fas fa-angle-down&quot;&gt;&lt;\/i&gt;\" data-dropdown-indicator-icon=\"&lt;i class=&quot;fas fa-angle-down&quot;&gt;&lt;\/i&gt;\" class=\"eael-simple-menu-container eael-simple-menu-align-right eael-simple-menu--stretch eael-simple-menu-dropdown-align-right preset-1\" data-hamburger-breakpoints=\"{&quot;mobile&quot;:&quot;Mobile Portrait (&gt; 767px)&quot;,&quot;tablet&quot;:&quot;Tablet Portrait (&gt; 1024px)&quot;,&quot;desktop&quot;:&quot;Desktop (&gt; 2400px)&quot;,&quot;none&quot;:&quot;None&quot;}\" data-hamburger-device=\"desktop\">\n                <ul id=\"menu-menu-principal\" class=\"eael-simple-menu eael-simple-menu-dropdown-animate-to-top eael-simple-menu-indicator eael-hamburger-right eael-simple-menu-vertical\"><li id=\"menu-item-277\" class=\"menu-item menu-item-type-custom menu-item-object-custom menu-item-277\"><a href=\"https:\/\/www.rociomarquez.com\/en\/\">HOME<\/a><\/li>\n<li id=\"menu-item-274\" class=\"menu-item menu-item-type-post_type menu-item-object-page menu-item-274\"><a href=\"https:\/\/www.rociomarquez.com\/en\/himno-vertical\/shop\/\">SHOP<\/a><\/li>\n<li id=\"menu-item-278\" class=\"menu-item menu-item-type-custom menu-item-object-custom menu-item-278\"><a href=\"\/en\/#gira\">GIRA<\/a><\/li>\n<li id=\"menu-item-273\" class=\"menu-item menu-item-type-post_type menu-item-object-page menu-item-273\"><a href=\"https:\/\/www.rociomarquez.com\/en\/prensa\/rocio\/\">BIO<\/a><\/li>\n<\/ul>                <button class=\"eael-simple-menu-toggle\">\n                    <span class=\"sr-only\">Hamburger Toggle Menu<\/span>\n                    <i aria-hidden=\"true\" class=\"fas fa-bars\"><\/i>                <\/button>\n            <\/div>\n            \t\t<\/div>\n\t\t\t\t<\/div>\n\t\t\t\t\t<\/div>\n\t\t<\/div>\n\t\t\t\t\t<\/div>\n\t\t<\/section>\n\t\t\t\t<section class=\"elementor-section elementor-inner-section elementor-element elementor-element-3d68fd0c elementor-section-full_width elementor-section-height-min-height elementor-section-content-top elementor-section-height-default wpr-particle-no wpr-jarallax-no wpr-parallax-no wpr-sticky-section-no\" data-id=\"3d68fd0c\" data-element_type=\"section\">\n\t\t\t\t\t\t<div class=\"elementor-container elementor-column-gap-default\">\n\t\t\t\t\t<div class=\"elementor-column elementor-col-33 elementor-inner-column elementor-element elementor-element-b2d3aee\" data-id=\"b2d3aee\" data-element_type=\"column\">\n\t\t\t<div class=\"elementor-widget-wrap\">\n\t\t\t\t\t\t\t<\/div>\n\t\t<\/div>\n\t\t\t\t<div class=\"elementor-column elementor-col-33 elementor-inner-column elementor-element elementor-element-2f9eb215\" data-id=\"2f9eb215\" data-element_type=\"column\">\n\t\t\t<div class=\"elementor-widget-wrap elementor-element-populated\">\n\t\t\t\t\t\t<div class=\"elementor-element elementor-element-10a0886a elementor-widget elementor-widget-text-editor\" data-id=\"10a0886a\" data-element_type=\"widget\" data-widget_type=\"text-editor.default\">\n\t\t\t\t<div class=\"elementor-widget-container\">\n\t\t\t\t\t\t\t<p><a href=\"https:\/\/www.mondosonoro.com\/criticas\/discos-musica\/flamencos-falla-granados-albeniz\/\" target=\"_blank\" rel=\"noopener\">\u00abLa m\u00e1s valiente y portentosa de las cantaoras de la \u00faltima d\u00e9cada\u201d<\/a><br><span style=\"font-size: 8pt;\">Modosonoro&nbsp;<\/span><\/p>\n<p><a href=\"https:\/\/www.eldiario.es\/andalucia\/lacajanegra\/cajon_flamenco\/rocio-marquez-puntos-vista-son-necesarios-flamenco-tenga-buena-salud_1_9770394.html\" target=\"_blank\" rel=\"noopener\">\u201cUna de las carreras m\u00e1s s\u00f3lidas del flamenco actual\u201d<\/a>&nbsp;<br><span style=\"font-size: 8pt;\">eldiario.es&nbsp;<\/span><\/p>\n<p><a href=\"https:\/\/sevilla.abc.es\/cultura\/tercer-cielo-rocio-marquez-bronquio-eleva-altares-20221125102414-nts.html\" target=\"_blank\" rel=\"noopener\">\u201cPocos artistas del panorama musical actual de nuestro pa\u00eds, por no decir ninguno, plasman mejor el sentir y la sensibilidad de una generaci\u00f3n, tanto en lo musical como en lo social\u201d<\/a>&nbsp;<br><span style=\"font-size: 8pt;\">ABC&nbsp;<\/span><\/p>\n<p><a style=\"color: #f1ff00;\" href=\"https:\/\/www.objectifgard.com\/actualites\/paloma-rocio-marquez-et-bronquio-ou-la-tradition-et-le-futur-du-flamenco-121500.php\" target=\"_blank\" rel=\"noopener\">\u201cUna de las voces m\u00e1s bellas del flamenco actual\u201d<\/a><br><span style=\"font-size: 8pt;\">Objectif Gard <\/span><\/p>\n<p><a href=\"https:\/\/muzikalia.com\/los-mejores-conciertos-y-festivales-de-2022\/\" target=\"_blank\" rel=\"noopener\">\u201cNunca has escuchado nada igual\u201d<\/a><br><span style=\"font-size: 8pt;\">Muzikalia&nbsp;<\/span><\/p>\n<p><a href=\"https:\/\/www.francetvinfo.fr\/culture\/musique\/electro\/musique-rocio-marquez-et-bronquio-le-flamenco-sublime-par-des-boucles-electroniques_5555022.html\" target=\"_blank\" rel=\"noopener\">\u201cLa cantaora flamenca m\u00e1s reconocida de su generaci\u00f3n\u201d<\/a><br><span style=\"font-size: 8pt;\">francetvinfo.fr&nbsp;<\/span><\/p>\n<p><a href=\"https:\/\/www.abc.es\/cultura\/musica\/mejores-discos-nacionales-2022-segun-abc-20221223182340-nt.html#vca=rrss&amp;vmc=abc-es&amp;vso=tw&amp;vli=cm-cultura\" target=\"_blank\" rel=\"noopener\">\u201cPasado, el presente y el futuro del flamenco, de la misma forma que antes lo fueron \u2013\u00a1no me salten al cuello!\u2013 Camar\u00f3n, Morente, Pepe Marchena, La Ni\u00f1a de los Peines y hasta Silverio Franconetti\u201d&nbsp;<\/a><br><span style=\"font-size: 8pt;\">ABC&nbsp;<\/span><\/p>\n<p><a href=\"https:\/\/elpais.com\/cultura\/2017\/07\/22\/actualidad\/1500707896_420929.html\" target=\"_blank\" rel=\"noopener\">\u201cUno de los grandes fen\u00f3menos de la m\u00fasica popular espa\u00f1ola\u201d<\/a>&nbsp;<br><span style=\"font-size: 8pt;\">EL PA\u00cdS&nbsp;<\/span><\/p>\n<p><a href=\"https:\/\/www.elmundo.es\/metropoli\/musica\/2019\/03\/04\/5c7cfc47fdddff6e148b45a9.html\" target=\"_blank\" rel=\"noopener\">\u201cUna de las figuras indiscutibles del arte jondo contempor\u00e1neo\u201d<\/a><br><span style=\"font-size: 8pt;\">METR\u00d3POLI<\/span>&nbsp;<\/p>\n<p><a href=\"https:\/\/ctxt.es\/es\/20171101\/Culturas\/15989\/rocio-marquez-flamenco-manuel-gerena-ni\u00f1o-de-elche-ctxt-alberto-manzano.htm\" target=\"_blank\" rel=\"noopener\">\u201cUna de las cantaoras m\u00e1s cultas, sabias, puras y amablemente heterodoxas\u201d<\/a><br><span style=\"font-size: 8pt;\">CTXT&nbsp;<\/span><\/p>\n<p><a href=\"https:\/\/www.telva.com\/estilo-de-vida\/2016\/10\/20\/580886eae5fdea522a8b46ab.html#:~:text=ROC\u00cdO%20M\u00c1RQUEZ%2C%20El%20Ni\u00f1o,recorriendo%20algunos%20de%20sus%20temas\" target=\"_blank\" rel=\"noopener\">\u201cLa cantaora m\u00e1s en forma de la actualidad\u201d<\/a><br><span style=\"font-size: 8pt;\">TELVA&nbsp;<\/span><\/p>\n<p><a href=\"https:\/\/www.elsaltodiario.com\/flamenco\/rocio-marquez-escuela-de-indagacion-\" target=\"_blank\" rel=\"noopener\">\u00abPlanteamiento musical valiente, modernidad y cante de compromiso\u201d<\/a><br><span style=\"font-size: 8pt;\">EL SALTO&nbsp;<\/span><\/p>\n<p><a href=\"https:\/\/www.elperiodico.com\/es\/ocio-y-cultura\/20190517\/entrevista-rocio-marquez-visto-en-el-jueves-festival-ciutat-flamenco-7460242\" target=\"_blank\" rel=\"noopener\">\u201cUna de las trayectorias jondas m\u00e1s s\u00f3lidas del presente\u201d<\/a><br><span style=\"font-size: 8pt;\">EL PERI\u00d3DICO<\/span>&nbsp;<\/p>\n<p><a href=\"https:\/\/www.elperiodico.com\/es\/ocio-y-cultura\/20150902\/rocio-marquez-flamenco-rubio-en-esplendor-4476304\" target=\"_blank\" rel=\"noopener\">\u201cDelirio vocal y est\u00e9tico\u201d&nbsp;<\/a><br><span style=\"font-size: 8pt;\">EL PERI\u00d3DICO&nbsp;<\/span><\/p>\n<p><a href=\"https:\/\/www.elmundo.es\/cronica\/2019\/03\/31\/5c9f9ba0fc6c83ca3a8b45f4.html\" target=\"_blank\" rel=\"noopener\">\u201cEntre las voces que fundan el flamenco\u201d&nbsp;<\/a><br><span style=\"font-size: 8pt;\">EL MUNDO&nbsp;<\/span><\/p>\n<p><a href=\"https:\/\/www.elmundo.es\/cultura\/2014\/10\/16\/543eec5f22601d9d6b8b456c.html\" target=\"_blank\" rel=\"noopener\">\u201cLibertad sin coraza en el flamenco\u201d&nbsp;<\/a><br><span style=\"font-size: 8pt;\">EL MUNDO&nbsp;<\/span><\/p>\n<p><a href=\"https:\/\/elpais.com\/cultura\/2015\/03\/01\/actualidad\/1425241017_028644.html\" target=\"_blank\" rel=\"noopener\">\u201cEmpieza a marcar \u00e9poca\u201d<\/a><br><span style=\"font-size: 8pt;\">EL PA\u00cdS&nbsp;<\/span><\/p>\t\t\t\t\t\t<\/div>\n\t\t\t\t<\/div>\n\t\t\t\t\t<\/div>\n\t\t<\/div>\n\t\t\t\t<div class=\"elementor-column elementor-col-33 elementor-inner-column elementor-element elementor-element-2602291e\" data-id=\"2602291e\" data-element_type=\"column\">\n\t\t\t<div class=\"elementor-widget-wrap\">\n\t\t\t\t\t\t\t<\/div>\n\t\t<\/div>\n\t\t\t\t\t<\/div>\n\t\t<\/section>\n\t\t\t\t<section class=\"elementor-section elementor-inner-section elementor-element elementor-element-71c2c3f elementor-section-full_width elementor-section-content-bottom elementor-reverse-mobile elementor-section-height-default elementor-section-height-default wpr-particle-no wpr-jarallax-no wpr-parallax-no wpr-sticky-section-no\" data-id=\"71c2c3f\" data-element_type=\"section\">\n\t\t\t\t\t\t<div class=\"elementor-container elementor-column-gap-default\">\n\t\t\t\t\t<div class=\"elementor-column elementor-col-50 elementor-inner-column elementor-element elementor-element-6df28ad\" data-id=\"6df28ad\" data-element_type=\"column\">\n\t\t\t<div class=\"elementor-widget-wrap elementor-element-populated\">\n\t\t\t\t\t\t<div class=\"elementor-element elementor-element-207cfc7 elementor-widget elementor-widget-text-editor\" data-id=\"207cfc7\" data-element_type=\"widget\" data-widget_type=\"text-editor.default\">\n\t\t\t\t<div class=\"elementor-widget-container\">\n\t\t\t\t\t\t\t<p><a href=\"mailto:ernesto@rociomarquez.com\" target=\"_blank\" rel=\"noopener\">CONTACT<\/a><\/p><p><a href=\"http:\/\/www.rociomarquez.com\/en\/\">Roc\u00edo M\u00e1rquez<\/a>, 2024. <br \/>All rights reserved.<\/p><p><a href=\"https:\/\/www.rociomarquez.com\/en\/aviso-legal\/\">Legal Notice<\/a>.<br \/><a href=\"https:\/\/www.rociomarquez.com\/en\/politica-de-privacidad\/\">Privacy Policy<\/a>.<br \/><a href=\"https:\/\/www.rociomarquez.com\/en\/politica-de-cookies\/\">Pol\u00edtica de cookies<\/a>.<\/p><p>Photo: Pilar Lozano [Pl\u00e1stico Cruel]<br \/>Design <a href=\"http:\/\/lugadero.com\" target=\"_blank\" rel=\"noopener\">Lugadero.<\/a><\/p>\t\t\t\t\t\t<\/div>\n\t\t\t\t<\/div>\n\t\t\t\t\t<\/div>\n\t\t<\/div>\n\t\t\t\t<div class=\"elementor-column elementor-col-50 elementor-inner-column elementor-element elementor-element-519a963\" data-id=\"519a963\" data-element_type=\"column\">\n\t\t\t<div class=\"elementor-widget-wrap elementor-element-populated\">\n\t\t\t\t\t\t<div class=\"elementor-element elementor-element-3a89549 elementor-widget elementor-widget-text-editor\" data-id=\"3a89549\" data-element_type=\"widget\" data-widget_type=\"text-editor.default\">\n\t\t\t\t<div class=\"elementor-widget-container\">\n\t\t\t\t\t\t\t<p><a href=\"https:\/\/www.instagram.com\/rociomarquezoficial\/\" target=\"_blank\" rel=\"noopener\">instagram<\/a><\/p><p><a href=\"https:\/\/www.facebook.com\/RocioMarquezOficial\" target=\"_blank\" rel=\"noopener\">facebook<\/a><\/p><p><a href=\"https:\/\/www.youtube.com\/@RocioMarquezOficial\" target=\"_blank\" rel=\"noopener\">youtube<\/a><\/p><p><a href=\"https:\/\/twitter.com\/Rocio_Marquez_\" target=\"_blank\" rel=\"noopener\">X<\/a><\/p><p><a href=\"https:\/\/open.spotify.com\/intl-es\/artist\/0s5dS3eWWnruwMMtgn7pgQ\" target=\"_blank\" rel=\"noopener\">spotify<\/a><\/p>\t\t\t\t\t\t<\/div>\n\t\t\t\t<\/div>\n\t\t\t\t\t<\/div>\n\t\t<\/div>\n\t\t\t\t\t<\/div>\n\t\t<\/section>\n\t\t\t\t\t<\/div>\n\t\t<\/div>\n\t\t\t\t\t<\/div>\n\t\t<\/section>\n\t\t\t\t<\/div>","protected":false},"excerpt":{"rendered":"<p>ROC\u00cdO M\u00c1RQUEZ\u00a0\/ PRESS HOME SHOP EN GIRA UNIVERSOS BIO PRESS \u00abLa m\u00e1s valiente y portentosa de las cantaoras de la \u00faltima d\u00e9cada\u201dModosonoro&nbsp; \u201cUna de las carreras m\u00e1s s\u00f3lidas del flamenco actual\u201d&nbsp;eldiario.es&nbsp; \u201cPocos artistas del panorama musical actual de nuestro pa\u00eds, por no decir ninguno, plasman mejor el sentir y la sensibilidad de una generaci\u00f3n, tanto en lo musical como en lo social\u201d&nbsp;ABC&nbsp; \u201cUna de las voces m\u00e1s bellas del flamenco actual\u201dObjectif Gard \u201cNunca has escuchado nada igual\u201dMuzikalia&nbsp; \u201cLa cantaora flamenca m\u00e1s reconocida de su generaci\u00f3n\u201dfrancetvinfo.fr&nbsp; \u201cPasado, el presente y el futuro del flamenco, de la misma forma que antes lo fueron \u2013\u00a1no me salten al cuello!\u2013 Camar\u00f3n, Morente, Pepe Marchena, La Ni\u00f1a de los Peines y hasta Silverio Franconetti\u201d&nbsp;ABC&nbsp; \u201cUno de los grandes fen\u00f3menos de la m\u00fasica popular espa\u00f1ola\u201d&nbsp;EL PA\u00cdS&nbsp; \u201cUna de las figuras indiscutibles del arte jondo contempor\u00e1neo\u201dMETR\u00d3POLI&nbsp; \u201cUna de las cantaoras m\u00e1s cultas, sabias, puras y amablemente heterodoxas\u201dCTXT&nbsp; \u201cLa cantaora m\u00e1s en forma de la actualidad\u201dTELVA&nbsp; \u00abPlanteamiento musical valiente, modernidad y cante de compromiso\u201dEL SALTO&nbsp; \u201cUna de las trayectorias jondas m\u00e1s s\u00f3lidas del presente\u201dEL PERI\u00d3DICO&nbsp; \u201cDelirio vocal y est\u00e9tico\u201d&nbsp;EL PERI\u00d3DICO&nbsp; \u201cEntre las voces que fundan el flamenco\u201d&nbsp;EL MUNDO&nbsp; \u201cLibertad sin coraza en el flamenco\u201d&nbsp;EL MUNDO&nbsp; \u201cEmpieza a marcar \u00e9poca\u201dEL PA\u00cdS&nbsp; CONTACTO Roc\u00edo M\u00e1rquez, 2024. Todos los derechos reservados. Aviso legal.Pol\u00edtica de privacidad.Pol\u00edtica de cookies. Im\u00e1genes: Pilar Lozano [Pl\u00e1stico Cruel]Dise\u00f1o: Lugadero. instagram facebook youtube X spotify<\/p>","protected":false},"author":1,"featured_media":0,"parent":10,"menu_order":0,"comment_status":"closed","ping_status":"closed","template":"elementor_canvas","meta":{"footnotes":""},"class_list":["post-204","page","type-page","status-publish","hentry"],"_links":{"self":[{"href":"https:\/\/www.rociomarquez.com\/en\/wp-json\/wp\/v2\/pages\/204","targetHints":{"allow":["GET"]}}],"collection":[{"href":"https:\/\/www.rociomarquez.com\/en\/wp-json\/wp\/v2\/pages"}],"about":[{"href":"https:\/\/www.rociomarquez.com\/en\/wp-json\/wp\/v2\/types\/page"}],"author":[{"embeddable":true,"href":"https:\/\/www.rociomarquez.com\/en\/wp-json\/wp\/v2\/users\/1"}],"replies":[{"embeddable":true,"href":"https:\/\/www.rociomarquez.com\/en\/wp-json\/wp\/v2\/comments?post=204"}],"version-history":[{"count":28,"href":"https:\/\/www.rociomarquez.com\/en\/wp-json\/wp\/v2\/pages\/204\/revisions"}],"predecessor-version":[{"id":456,"href":"https:\/\/www.rociomarquez.com\/en\/wp-json\/wp\/v2\/pages\/204\/revisions\/456"}],"up":[{"embeddable":true,"href":"https:\/\/www.rociomarquez.com\/en\/wp-json\/wp\/v2\/pages\/10"}],"wp:attachment":[{"href":"https:\/\/www.rociomarquez.com\/en\/wp-json\/wp\/v2\/media?parent=204"}],"curies":[{"name":"wp","href":"https:\/\/api.w.org\/{rel}","templated":true}]}}