{"id":1335,"date":"2025-05-21T11:44:08","date_gmt":"2025-05-21T09:44:08","guid":{"rendered":"https:\/\/www.rociomarquez.com\/?page_id=1335"},"modified":"2025-06-24T10:33:20","modified_gmt":"2025-06-24T08:33:20","slug":"vinilo-himno-vertical","status":"publish","type":"page","link":"https:\/\/www.rociomarquez.com\/en\/himno-vertical\/shop\/vinilo-himno-vertical\/","title":{"rendered":"Vinilo Himno Vertical"},"content":{"rendered":"<div data-elementor-type=\"wp-page\" data-elementor-id=\"1335\" class=\"elementor elementor-1335\">\n\t\t\t\t\t\t<section class=\"elementor-section elementor-top-section elementor-element elementor-element-467ae4cb elementor-section-full_width elementor-section-content-middle elementor-section-stretched elementor-section-height-default elementor-section-height-default wpr-particle-no wpr-jarallax-no wpr-parallax-no wpr-sticky-section-no\" data-id=\"467ae4cb\" data-element_type=\"section\" data-settings=\"{&quot;stretch_section&quot;:&quot;section-stretched&quot;,&quot;background_background&quot;:&quot;classic&quot;}\">\n\t\t\t\t\t\t\t<div class=\"elementor-background-overlay\"><\/div>\n\t\t\t\t\t\t\t<div class=\"elementor-container elementor-column-gap-narrow\">\n\t\t\t\t\t<div class=\"elementor-column elementor-col-100 elementor-top-column elementor-element elementor-element-2c269196\" data-id=\"2c269196\" data-element_type=\"column\" data-settings=\"{&quot;background_background&quot;:&quot;classic&quot;}\">\n\t\t\t<div class=\"elementor-widget-wrap elementor-element-populated\">\n\t\t\t\t\t\t<section class=\"elementor-section elementor-inner-section elementor-element elementor-element-7a13fe7d elementor-section-full_width elementor-section-content-space-between elementor-section-height-default elementor-section-height-default wpr-particle-no wpr-jarallax-no wpr-parallax-no wpr-sticky-section-no\" data-id=\"7a13fe7d\" data-element_type=\"section\" data-settings=\"{&quot;background_background&quot;:&quot;classic&quot;}\">\n\t\t\t\t\t\t<div class=\"elementor-container elementor-column-gap-default\">\n\t\t\t\t\t<div class=\"elementor-column elementor-col-33 elementor-inner-column elementor-element elementor-element-1358233\" data-id=\"1358233\" data-element_type=\"column\">\n\t\t\t<div class=\"elementor-widget-wrap elementor-element-populated\">\n\t\t\t\t\t\t<div class=\"elementor-element elementor-element-23480c91 elementor-widget elementor-widget-image\" data-id=\"23480c91\" data-element_type=\"widget\" data-widget_type=\"image.default\">\n\t\t\t\t<div class=\"elementor-widget-container\">\n\t\t\t\t\t\t\t\t\t\t\t\t\t\t<a href=\"https:\/\/www.rociomarquez.com\/en\/\">\n\t\t\t\t\t\t\t<img fetchpriority=\"high\" decoding=\"async\" width=\"800\" height=\"183\" src=\"https:\/\/www.rociomarquez.com\/wp-content\/uploads\/2025\/05\/ROCIO-MARQUEZ_1-1024x234.png\" class=\"attachment-large size-large wp-image-1223\" alt=\"\" srcset=\"https:\/\/www.rociomarquez.com\/wp-content\/uploads\/2025\/05\/ROCIO-MARQUEZ_1-1024x234.png 1024w, https:\/\/www.rociomarquez.com\/wp-content\/uploads\/2025\/05\/ROCIO-MARQUEZ_1-300x69.png 300w, https:\/\/www.rociomarquez.com\/wp-content\/uploads\/2025\/05\/ROCIO-MARQUEZ_1-768x176.png 768w, https:\/\/www.rociomarquez.com\/wp-content\/uploads\/2025\/05\/ROCIO-MARQUEZ_1-18x4.png 18w, https:\/\/www.rociomarquez.com\/wp-content\/uploads\/2025\/05\/ROCIO-MARQUEZ_1-600x137.png 600w, https:\/\/www.rociomarquez.com\/wp-content\/uploads\/2025\/05\/ROCIO-MARQUEZ_1.png 1312w\" sizes=\"(max-width: 800px) 100vw, 800px\" \/>\t\t\t\t\t\t\t\t<\/a>\n\t\t\t\t\t\t\t\t\t\t\t\t\t<\/div>\n\t\t\t\t<\/div>\n\t\t\t\t\t<\/div>\n\t\t<\/div>\n\t\t\t\t<div class=\"elementor-column elementor-col-33 elementor-inner-column elementor-element elementor-element-f900488\" data-id=\"f900488\" data-element_type=\"column\">\n\t\t\t<div class=\"elementor-widget-wrap\">\n\t\t\t\t\t\t\t<\/div>\n\t\t<\/div>\n\t\t\t\t<div class=\"elementor-column elementor-col-33 elementor-inner-column elementor-element elementor-element-56c4b13\" data-id=\"56c4b13\" data-element_type=\"column\">\n\t\t\t<div class=\"elementor-widget-wrap elementor-element-populated\">\n\t\t\t\t\t\t<div class=\"elementor-element elementor-element-400cb5b eael-hamburger--mobile eael-simple-menu-hamburger-align-right elementor-widget elementor-widget-eael-simple-menu\" data-id=\"400cb5b\" data-element_type=\"widget\" data-widget_type=\"eael-simple-menu.default\">\n\t\t\t\t<div class=\"elementor-widget-container\">\n\t\t\t<style>\n                        @media screen and (max-width: 767px) {\n                            .eael-hamburger--mobile {\n                                .eael-simple-menu-horizontal,\n                                .eael-simple-menu-vertical {\n                                    display: none;\n                                }\n                            }\n                            .eael-hamburger--mobile {\n                                .eael-simple-menu-container .eael-simple-menu-toggle {\n                                    display: block;\n                                }\n                            }\n                        }\n                    <\/style>            <div data-hamburger-icon=\"&lt;i aria-hidden=&quot;true&quot; class=&quot;far fa-circle&quot;&gt;&lt;\/i&gt;\" data-indicator-icon=\"&lt;i aria-hidden=&quot;true&quot; class=&quot;fas fa-angle-down&quot;&gt;&lt;\/i&gt;\" data-dropdown-indicator-icon=\"&lt;i class=&quot;fas fa-angle-down&quot;&gt;&lt;\/i&gt;\" class=\"eael-simple-menu-container eael-simple-menu-align-right eael-simple-menu--stretch eael-simple-menu-dropdown-align-right preset-3\" data-hamburger-breakpoints=\"{&quot;mobile&quot;:&quot;Mobile Portrait (&gt; 767px)&quot;,&quot;tablet&quot;:&quot;Tablet Portrait (&gt; 1024px)&quot;,&quot;desktop&quot;:&quot;Desktop (&gt; 2400px)&quot;,&quot;none&quot;:&quot;None&quot;}\" data-hamburger-device=\"mobile\">\n                <ul id=\"menu-menu-shop\" class=\"eael-simple-menu eael-simple-menu-dropdown-animate-to-top eael-simple-menu-indicator eael-hamburger-right eael-simple-menu-horizontal\"><li id=\"menu-item-1351\" class=\"menu-item menu-item-type-custom menu-item-object-custom menu-item-1351\"><a href=\"https:\/\/www.rociomarquez.com\/en\/\">HOME<\/a><\/li>\n<li id=\"menu-item-1353\" class=\"menu-item menu-item-type-post_type menu-item-object-page menu-item-1353\"><a href=\"https:\/\/www.rociomarquez.com\/en\/himno-vertical\/shop\/\">SHOP<\/a><\/li>\n<li id=\"menu-item-1352\" class=\"menu-item menu-item-type-post_type menu-item-object-page menu-item-1352\"><a href=\"https:\/\/www.rociomarquez.com\/en\/cart\/\">CARRITO<\/a><\/li>\n<\/ul>                <button class=\"eael-simple-menu-toggle\">\n                    <span class=\"sr-only\">Hamburger Toggle Menu<\/span>\n                    <i aria-hidden=\"true\" class=\"far fa-circle\"><\/i>                <\/button>\n            <\/div>\n            \t\t<\/div>\n\t\t\t\t<\/div>\n\t\t\t\t\t<\/div>\n\t\t<\/div>\n\t\t\t\t\t<\/div>\n\t\t<\/section>\n\t\t\t\t\t<\/div>\n\t\t<\/div>\n\t\t\t\t\t<\/div>\n\t\t<\/section>\n\t\t\t\t<section class=\"elementor-section elementor-top-section elementor-element elementor-element-a83870a elementor-section-content-middle elementor-section-stretched elementor-section-height-min-height elementor-section-boxed elementor-section-height-default elementor-section-items-middle wpr-particle-no wpr-jarallax-no wpr-parallax-no wpr-sticky-section-no\" data-id=\"a83870a\" data-element_type=\"section\" data-settings=\"{&quot;stretch_section&quot;:&quot;section-stretched&quot;,&quot;background_background&quot;:&quot;classic&quot;}\">\n\t\t\t\t\t\t\t<div class=\"elementor-background-overlay\"><\/div>\n\t\t\t\t\t\t\t<div class=\"elementor-container elementor-column-gap-default\">\n\t\t\t\t\t<div class=\"elementor-column elementor-col-100 elementor-top-column elementor-element elementor-element-bcdbcde\" data-id=\"bcdbcde\" data-element_type=\"column\" data-settings=\"{&quot;background_background&quot;:&quot;classic&quot;}\">\n\t\t\t<div class=\"elementor-widget-wrap elementor-element-populated\">\n\t\t\t\t\t\t<div class=\"elementor-element elementor-element-37203a9 elementor-widget__width-initial elementor-widget elementor-widget-eael-woo-product-list\" data-id=\"37203a9\" data-element_type=\"widget\" data-widget_type=\"eael-woo-product-list.default\">\n\t\t\t\t<div class=\"elementor-widget-container\">\n\t\t\t\n        <div class=\"eael-product-list-wrapper preset-1\">\n            <div class=\"eael-product-list-body woocommerce\">\n                <div class=\"eael-product-list-container\">\n                    <div class=\"eael-post-appender\">\n                        <div class=\"product post-1200 type-product status-publish has-post-thumbnail product_cat-himno-vertical product_cat-vinilo first instock taxable shipping-taxable purchasable product-type-simple\">\n    <div class=\"eael-product-list-item image-alignment-left\">\n                \n        <div class=\"eael-product-list-image-wrap\">\n                                                    \n            \n                <img decoding=\"async\" width=\"1930\" height=\"1930\" src=\"https:\/\/www.rociomarquez.com\/wp-content\/uploads\/2025\/05\/RM_HV_vinilo_3_RECORTE.png\" class=\"attachment-full size-full\" alt=\"HIMNO VERTICAL - Vinilo\" loading=\"eager\" \/>            \n            \n                    <\/div>\n\n        <div class=\"eael-product-list-content-wrap\">\n            \n            <div class=\"eael-product-list-content-header\" >\n                                \n                <div class=\"eael-product-list-notice eael-product-list-notice-shiping-free\">\n                                    <\/div>\n            <\/div>\n            <div class=\"eael-product-list-content-body\">\n                            <h2 class=\"eael-product-list-title\">\n                                    HIMNO VERTICAL - Vinilo                            <\/h2>\n        \n                                <div class=\"eael-product-list-excerpt\">\n                    Vinilo de Himno Vertical, el nuevo \u00e1lbum de Roc\u00edo M\u00e1rquez, junto a Pedro Rojas Og\u00e1yar. Una obra ritual que gira en espiral entre lo \u00edntimo y lo colectivo. Esta edici\u00f3n incluye funda interior impresa con letras y material visual exclusivo.                <\/div>\n                \n                                <h3 class=\"eael-product-list-price\">\n                    <span class=\"woocommerce-Price-amount amount\">25,00&nbsp;<span class=\"woocommerce-Price-currencySymbol\">&euro;<\/span><\/span> <small class=\"woocommerce-price-suffix\">IVA incl.<\/small>                <\/h3>\n                            <\/div>\n            <div class=\"eael-product-list-content-footer\">\n                \n                                <div class=\"eael-product-list-buttons\">\n                                        <p class=\"eael-product-list-add-to-cart-button eael-m-0\"><a href=\"\/en\/wp-json\/wp\/v2\/pages\/1335?add-to-cart=1200\" aria-describedby=\"woocommerce_loop_add_to_cart_link_describedby_1200\" data-quantity=\"1\" class=\"button product_type_simple add_to_cart_button ajax_add_to_cart\" data-product_id=\"1200\" data-product_sku=\"\" aria-label=\"Add to basket: \u201cHIMNO VERTICAL - Vinilo\u201d\" rel=\"nofollow\" data-success_message=\"\u201cHIMNO VERTICAL - Vinilo\u201d has been added to your cart\" role=\"button\" data-no-translation=\"\" data-trp-gettext=\"\" data-no-translation-aria-label=\"\" data-no-translation-data-success_message=\"\">Add to basket<\/a>\t<span id=\"woocommerce_loop_add_to_cart_link_describedby_1200\" class=\"screen-reader-text\">\n\t\t\t<\/span>\n<\/p>\n                    \n                                    <\/div>\n                            <\/div>\n        <\/div>\n    <\/div>\n<\/div>                    <\/div>\n\n                    \n                <\/div>\n            <\/div>\n        <\/div>\n\n\t\t\t\t<\/div>\n\t\t\t\t<\/div>\n\t\t\t\t\t<\/div>\n\t\t<\/div>\n\t\t\t\t\t<\/div>\n\t\t<\/section>\n\t\t\t\t<section class=\"elementor-section elementor-top-section elementor-element elementor-element-e217128 elementor-section-full_width elementor-section-content-top elementor-section-height-default elementor-section-height-default wpr-particle-no wpr-jarallax-no wpr-parallax-no wpr-sticky-section-no\" data-id=\"e217128\" data-element_type=\"section\" data-settings=\"{&quot;background_background&quot;:&quot;classic&quot;}\">\n\t\t\t\t\t\t<div class=\"elementor-container elementor-column-gap-default\">\n\t\t\t\t\t<div class=\"elementor-column elementor-col-100 elementor-top-column elementor-element elementor-element-a1c38c2\" data-id=\"a1c38c2\" data-element_type=\"column\">\n\t\t\t<div class=\"elementor-widget-wrap elementor-element-populated\">\n\t\t\t\t\t\t<section class=\"elementor-section elementor-inner-section elementor-element elementor-element-080d49a elementor-section-full_width elementor-section-height-default elementor-section-height-default wpr-particle-no wpr-jarallax-no wpr-parallax-no wpr-sticky-section-no\" data-id=\"080d49a\" data-element_type=\"section\">\n\t\t\t\t\t\t<div class=\"elementor-container elementor-column-gap-default\">\n\t\t\t\t\t<div class=\"elementor-column elementor-col-33 elementor-inner-column elementor-element elementor-element-c785453\" data-id=\"c785453\" data-element_type=\"column\">\n\t\t\t<div class=\"elementor-widget-wrap elementor-element-populated\">\n\t\t\t\t\t\t<div class=\"elementor-element elementor-element-7d67192 elementor-widget elementor-widget-text-editor\" data-id=\"7d67192\" data-element_type=\"widget\" data-widget_type=\"text-editor.default\">\n\t\t\t\t<div class=\"elementor-widget-container\">\n\t\t\t\t\t\t\t<p><span style=\"color: #808080;\"><a style=\"color: #808080;\" href=\"https:\/\/www.rociomarquez.com\/en\/kit-digital\/\" target=\"_blank\" rel=\"noopener\">M\u00e1s informaci\u00f3n Kit Digital<\/a><\/span><\/p>\t\t\t\t\t\t<\/div>\n\t\t\t\t<\/div>\n\t\t\t\t<div class=\"elementor-element elementor-element-8aa35f6 elementor-widget elementor-widget-image\" data-id=\"8aa35f6\" data-element_type=\"widget\" data-widget_type=\"image.default\">\n\t\t\t\t<div class=\"elementor-widget-container\">\n\t\t\t\t\t\t\t\t\t\t\t\t\t<img decoding=\"async\" width=\"800\" height=\"46\" src=\"https:\/\/www.rociomarquez.com\/wp-content\/uploads\/2024\/02\/logo-kit-digital-1024x59.png\" class=\"attachment-large size-large wp-image-481\" alt=\"\" srcset=\"https:\/\/www.rociomarquez.com\/wp-content\/uploads\/2024\/02\/logo-kit-digital-1024x59.png 1024w, https:\/\/www.rociomarquez.com\/wp-content\/uploads\/2024\/02\/logo-kit-digital-600x35.png 600w, https:\/\/www.rociomarquez.com\/wp-content\/uploads\/2024\/02\/logo-kit-digital-300x17.png 300w, https:\/\/www.rociomarquez.com\/wp-content\/uploads\/2024\/02\/logo-kit-digital-768x44.png 768w, https:\/\/www.rociomarquez.com\/wp-content\/uploads\/2024\/02\/logo-kit-digital-1536x89.png 1536w, https:\/\/www.rociomarquez.com\/wp-content\/uploads\/2024\/02\/logo-kit-digital-2048x118.png 2048w, https:\/\/www.rociomarquez.com\/wp-content\/uploads\/2024\/02\/logo-kit-digital-18x1.png 18w\" sizes=\"(max-width: 800px) 100vw, 800px\" \/>\t\t\t\t\t\t\t\t\t\t\t\t\t<\/div>\n\t\t\t\t<\/div>\n\t\t\t\t\t<\/div>\n\t\t<\/div>\n\t\t\t\t<div class=\"elementor-column elementor-col-33 elementor-inner-column elementor-element elementor-element-b87b3d8\" data-id=\"b87b3d8\" data-element_type=\"column\">\n\t\t\t<div class=\"elementor-widget-wrap\">\n\t\t\t\t\t\t\t<\/div>\n\t\t<\/div>\n\t\t\t\t<div class=\"elementor-column elementor-col-33 elementor-inner-column elementor-element elementor-element-f60a280\" data-id=\"f60a280\" data-element_type=\"column\">\n\t\t\t<div class=\"elementor-widget-wrap elementor-element-populated\">\n\t\t\t\t\t\t<div class=\"elementor-element elementor-element-7511fda elementor-widget elementor-widget-text-editor\" data-id=\"7511fda\" data-element_type=\"widget\" data-widget_type=\"text-editor.default\">\n\t\t\t\t<div class=\"elementor-widget-container\">\n\t\t\t\t\t\t\t<p><span style=\"color: #808080;\">Gira 2025. Con el <span style=\"caret-color: #808080;\">apoyo<\/span>\u00a0de:<\/span><\/p>\t\t\t\t\t\t<\/div>\n\t\t\t\t<\/div>\n\t\t\t\t<div class=\"elementor-element elementor-element-70ca733 elementor-widget elementor-widget-image\" data-id=\"70ca733\" data-element_type=\"widget\" data-widget_type=\"image.default\">\n\t\t\t\t<div class=\"elementor-widget-container\">\n\t\t\t\t\t\t\t\t\t\t\t\t\t<img decoding=\"async\" width=\"800\" height=\"140\" src=\"https:\/\/www.rociomarquez.com\/wp-content\/uploads\/2025\/02\/INAEM-02-CAJETIN-BLANCO-1024x179.png\" class=\"attachment-large size-large wp-image-810\" alt=\"\" srcset=\"https:\/\/www.rociomarquez.com\/wp-content\/uploads\/2025\/02\/INAEM-02-CAJETIN-BLANCO-1024x179.png 1024w, https:\/\/www.rociomarquez.com\/wp-content\/uploads\/2025\/02\/INAEM-02-CAJETIN-BLANCO-600x105.png 600w, https:\/\/www.rociomarquez.com\/wp-content\/uploads\/2025\/02\/INAEM-02-CAJETIN-BLANCO-300x53.png 300w, https:\/\/www.rociomarquez.com\/wp-content\/uploads\/2025\/02\/INAEM-02-CAJETIN-BLANCO-768x135.png 768w, https:\/\/www.rociomarquez.com\/wp-content\/uploads\/2025\/02\/INAEM-02-CAJETIN-BLANCO-1536x269.png 1536w, https:\/\/www.rociomarquez.com\/wp-content\/uploads\/2025\/02\/INAEM-02-CAJETIN-BLANCO-2048x359.png 2048w, https:\/\/www.rociomarquez.com\/wp-content\/uploads\/2025\/02\/INAEM-02-CAJETIN-BLANCO-18x3.png 18w\" sizes=\"(max-width: 800px) 100vw, 800px\" \/>\t\t\t\t\t\t\t\t\t\t\t\t\t<\/div>\n\t\t\t\t<\/div>\n\t\t\t\t\t<\/div>\n\t\t<\/div>\n\t\t\t\t\t<\/div>\n\t\t<\/section>\n\t\t\t\t\t<\/div>\n\t\t<\/div>\n\t\t\t\t\t<\/div>\n\t\t<\/section>\n\t\t\t\t<\/div>","protected":false},"excerpt":{"rendered":"<p>HOME SHOP CARRITO Men\u00fa conmutador hamburguesa HIMNO VERTICAL &#8211; Vinilo Vinilo de Himno Vertical, el nuevo \u00e1lbum de Roc\u00edo M\u00e1rquez, junto a Pedro Rojas Og\u00e1yar. Una obra ritual que gira en espiral entre lo \u00edntimo y lo colectivo. Esta edici\u00f3n incluye funda interior impresa con letras y material visual exclusivo. 25,00&nbsp;&euro; IVA incl. A\u00f1adir al carrito M\u00e1s informaci\u00f3n Kit Digital Gira 2025. Con el apoyo\u00a0de:<\/p>","protected":false},"author":1,"featured_media":0,"parent":214,"menu_order":0,"comment_status":"closed","ping_status":"closed","template":"elementor_canvas","meta":{"footnotes":""},"class_list":["post-1335","page","type-page","status-publish","hentry"],"_links":{"self":[{"href":"https:\/\/www.rociomarquez.com\/en\/wp-json\/wp\/v2\/pages\/1335","targetHints":{"allow":["GET"]}}],"collection":[{"href":"https:\/\/www.rociomarquez.com\/en\/wp-json\/wp\/v2\/pages"}],"about":[{"href":"https:\/\/www.rociomarquez.com\/en\/wp-json\/wp\/v2\/types\/page"}],"author":[{"embeddable":true,"href":"https:\/\/www.rociomarquez.com\/en\/wp-json\/wp\/v2\/users\/1"}],"replies":[{"embeddable":true,"href":"https:\/\/www.rociomarquez.com\/en\/wp-json\/wp\/v2\/comments?post=1335"}],"version-history":[{"count":28,"href":"https:\/\/www.rociomarquez.com\/en\/wp-json\/wp\/v2\/pages\/1335\/revisions"}],"predecessor-version":[{"id":1686,"href":"https:\/\/www.rociomarquez.com\/en\/wp-json\/wp\/v2\/pages\/1335\/revisions\/1686"}],"up":[{"embeddable":true,"href":"https:\/\/www.rociomarquez.com\/en\/wp-json\/wp\/v2\/pages\/214"}],"wp:attachment":[{"href":"https:\/\/www.rociomarquez.com\/en\/wp-json\/wp\/v2\/media?parent=1335"}],"curies":[{"name":"wp","href":"https:\/\/api.w.org\/{rel}","templated":true}]}}