{"id":1218,"date":"2025-05-21T08:57:25","date_gmt":"2025-05-21T06:57:25","guid":{"rendered":"https:\/\/www.rociomarquez.com\/?page_id=1218"},"modified":"2025-05-21T14:12:57","modified_gmt":"2025-05-21T12:12:57","slug":"cart","status":"publish","type":"page","link":"https:\/\/www.rociomarquez.com\/en\/cart\/","title":{"rendered":"Cart"},"content":{"rendered":"<div data-elementor-type=\"wp-page\" data-elementor-id=\"1218\" class=\"elementor elementor-1218\">\n\t\t\t\t\t\t<section class=\"elementor-section elementor-top-section elementor-element elementor-element-467ae4cb elementor-section-full_width elementor-section-content-middle elementor-section-stretched elementor-section-height-default elementor-section-height-default wpr-particle-no wpr-jarallax-no wpr-parallax-no wpr-sticky-section-no\" data-id=\"467ae4cb\" data-element_type=\"section\" data-settings=\"{&quot;stretch_section&quot;:&quot;section-stretched&quot;,&quot;background_background&quot;:&quot;classic&quot;}\">\n\t\t\t\t\t\t\t<div class=\"elementor-background-overlay\"><\/div>\n\t\t\t\t\t\t\t<div class=\"elementor-container elementor-column-gap-narrow\">\n\t\t\t\t\t<div class=\"elementor-column elementor-col-100 elementor-top-column elementor-element elementor-element-2c269196\" data-id=\"2c269196\" data-element_type=\"column\" data-settings=\"{&quot;background_background&quot;:&quot;classic&quot;}\">\n\t\t\t<div class=\"elementor-widget-wrap elementor-element-populated\">\n\t\t\t\t\t\t<section class=\"elementor-section elementor-inner-section elementor-element elementor-element-7a13fe7d elementor-section-full_width elementor-section-content-space-between elementor-section-height-default elementor-section-height-default wpr-particle-no wpr-jarallax-no wpr-parallax-no wpr-sticky-section-no\" data-id=\"7a13fe7d\" data-element_type=\"section\" data-settings=\"{&quot;background_background&quot;:&quot;classic&quot;}\">\n\t\t\t\t\t\t<div class=\"elementor-container elementor-column-gap-default\">\n\t\t\t\t\t<div class=\"elementor-column elementor-col-33 elementor-inner-column elementor-element elementor-element-1358233\" data-id=\"1358233\" data-element_type=\"column\">\n\t\t\t<div class=\"elementor-widget-wrap elementor-element-populated\">\n\t\t\t\t\t\t<div class=\"elementor-element elementor-element-23480c91 elementor-widget elementor-widget-image\" data-id=\"23480c91\" data-element_type=\"widget\" data-widget_type=\"image.default\">\n\t\t\t\t<div class=\"elementor-widget-container\">\n\t\t\t\t\t\t\t\t\t\t\t\t\t\t<a href=\"https:\/\/www.rociomarquez.com\/en\/\">\n\t\t\t\t\t\t\t<img fetchpriority=\"high\" decoding=\"async\" width=\"800\" height=\"183\" src=\"https:\/\/www.rociomarquez.com\/wp-content\/uploads\/2025\/05\/ROCIO-MARQUEZ_1-1024x234.png\" class=\"attachment-large size-large wp-image-1223\" alt=\"\" srcset=\"https:\/\/www.rociomarquez.com\/wp-content\/uploads\/2025\/05\/ROCIO-MARQUEZ_1-1024x234.png 1024w, https:\/\/www.rociomarquez.com\/wp-content\/uploads\/2025\/05\/ROCIO-MARQUEZ_1-300x69.png 300w, https:\/\/www.rociomarquez.com\/wp-content\/uploads\/2025\/05\/ROCIO-MARQUEZ_1-768x176.png 768w, https:\/\/www.rociomarquez.com\/wp-content\/uploads\/2025\/05\/ROCIO-MARQUEZ_1-18x4.png 18w, https:\/\/www.rociomarquez.com\/wp-content\/uploads\/2025\/05\/ROCIO-MARQUEZ_1-600x137.png 600w, https:\/\/www.rociomarquez.com\/wp-content\/uploads\/2025\/05\/ROCIO-MARQUEZ_1.png 1312w\" sizes=\"(max-width: 800px) 100vw, 800px\" \/>\t\t\t\t\t\t\t\t<\/a>\n\t\t\t\t\t\t\t\t\t\t\t\t\t<\/div>\n\t\t\t\t<\/div>\n\t\t\t\t\t<\/div>\n\t\t<\/div>\n\t\t\t\t<div class=\"elementor-column elementor-col-33 elementor-inner-column elementor-element elementor-element-f900488\" data-id=\"f900488\" data-element_type=\"column\">\n\t\t\t<div class=\"elementor-widget-wrap\">\n\t\t\t\t\t\t\t<\/div>\n\t\t<\/div>\n\t\t\t\t<div class=\"elementor-column elementor-col-33 elementor-inner-column elementor-element elementor-element-56c4b13\" data-id=\"56c4b13\" data-element_type=\"column\">\n\t\t\t<div class=\"elementor-widget-wrap elementor-element-populated\">\n\t\t\t\t\t\t<div class=\"elementor-element elementor-element-60e7e15 eael-hamburger--mobile eael-simple-menu-hamburger-align-right elementor-widget elementor-widget-eael-simple-menu\" data-id=\"60e7e15\" data-element_type=\"widget\" data-widget_type=\"eael-simple-menu.default\">\n\t\t\t\t<div class=\"elementor-widget-container\">\n\t\t\t<style>\n                        @media screen and (max-width: 767px) {\n                            .eael-hamburger--mobile {\n                                .eael-simple-menu-horizontal,\n                                .eael-simple-menu-vertical {\n                                    display: none;\n                                }\n                            }\n                            .eael-hamburger--mobile {\n                                .eael-simple-menu-container .eael-simple-menu-toggle {\n                                    display: block;\n                                }\n                            }\n                        }\n                    <\/style>            <div data-hamburger-icon=\"&lt;i aria-hidden=&quot;true&quot; class=&quot;far fa-circle&quot;&gt;&lt;\/i&gt;\" data-indicator-icon=\"&lt;i aria-hidden=&quot;true&quot; class=&quot;fas fa-angle-down&quot;&gt;&lt;\/i&gt;\" data-dropdown-indicator-icon=\"&lt;i class=&quot;fas fa-angle-down&quot;&gt;&lt;\/i&gt;\" class=\"eael-simple-menu-container eael-simple-menu-align-right eael-simple-menu--stretch eael-simple-menu-dropdown-align-right preset-3\" data-hamburger-breakpoints=\"{&quot;mobile&quot;:&quot;Mobile Portrait (&gt; 767px)&quot;,&quot;tablet&quot;:&quot;Tablet Portrait (&gt; 1024px)&quot;,&quot;desktop&quot;:&quot;Desktop (&gt; 2400px)&quot;,&quot;none&quot;:&quot;None&quot;}\" data-hamburger-device=\"mobile\">\n                <ul id=\"menu-menu-shop\" class=\"eael-simple-menu eael-simple-menu-dropdown-animate-to-top eael-simple-menu-indicator eael-hamburger-right eael-simple-menu-horizontal\"><li id=\"menu-item-1351\" class=\"menu-item menu-item-type-custom menu-item-object-custom menu-item-1351\"><a href=\"https:\/\/www.rociomarquez.com\/en\/\">HOME<\/a><\/li>\n<li id=\"menu-item-1353\" class=\"menu-item menu-item-type-post_type menu-item-object-page menu-item-1353\"><a href=\"https:\/\/www.rociomarquez.com\/en\/himno-vertical\/shop\/\">SHOP<\/a><\/li>\n<li id=\"menu-item-1352\" class=\"menu-item menu-item-type-post_type menu-item-object-page menu-item-1352\"><a href=\"https:\/\/www.rociomarquez.com\/en\/cart\/\">CARRITO<\/a><\/li>\n<\/ul>                <button class=\"eael-simple-menu-toggle\">\n                    <span class=\"sr-only\">Hamburger Toggle Menu<\/span>\n                    <i aria-hidden=\"true\" class=\"far fa-circle\"><\/i>                <\/button>\n            <\/div>\n            \t\t<\/div>\n\t\t\t\t<\/div>\n\t\t\t\t\t<\/div>\n\t\t<\/div>\n\t\t\t\t\t<\/div>\n\t\t<\/section>\n\t\t\t\t\t<\/div>\n\t\t<\/div>\n\t\t\t\t\t<\/div>\n\t\t<\/section>\n\t\t\t\t<section class=\"elementor-section elementor-top-section elementor-element elementor-element-a83870a elementor-section-content-middle elementor-section-stretched elementor-section-boxed elementor-section-height-default elementor-section-height-default wpr-particle-no wpr-jarallax-no wpr-parallax-no wpr-sticky-section-no\" data-id=\"a83870a\" data-element_type=\"section\" data-settings=\"{&quot;stretch_section&quot;:&quot;section-stretched&quot;,&quot;background_background&quot;:&quot;classic&quot;}\">\n\t\t\t\t\t\t\t<div class=\"elementor-background-overlay\"><\/div>\n\t\t\t\t\t\t\t<div class=\"elementor-container elementor-column-gap-narrow\">\n\t\t\t\t\t<div class=\"elementor-column elementor-col-100 elementor-top-column elementor-element elementor-element-bcdbcde\" data-id=\"bcdbcde\" data-element_type=\"column\" data-settings=\"{&quot;background_background&quot;:&quot;classic&quot;}\">\n\t\t\t<div class=\"elementor-widget-wrap elementor-element-populated\">\n\t\t\t\t\t\t<div class=\"elementor-element elementor-element-c18e8bf wpr-cart-vertical wpr-checkout-flex-end elementor-widget elementor-widget-wpr-page-cart\" data-id=\"c18e8bf\" data-element_type=\"widget\" data-widget_type=\"wpr-page-cart.default\">\n\t\t\t\t<div class=\"elementor-widget-container\">\n\t\t\t<div class=\"woocommerce\"><div class=\"woocommerce-notices-wrapper\"><\/div><div class=\"wc-empty-cart-message\">\n\t<div class=\"cart-empty woocommerce-info\">\n\t\tYour basket is currently empty.\t<\/div>\n<\/div><\/div>\t\t<\/div>\n\t\t\t\t<\/div>\n\t\t\t\t\t<\/div>\n\t\t<\/div>\n\t\t\t\t\t<\/div>\n\t\t<\/section>\n\t\t\t\t<\/div>","protected":false},"excerpt":{"rendered":"<p>HOME SHOP CARRITO Men\u00fa conmutador hamburguesa &nbsp; Producto &nbsp; Precio Cantidad Subtotal &times; HIMNO VERTICAL &#8211; Vinilo 25,00&nbsp;&euro; HIMNO VERTICAL &#8211; Vinilo cantidad 25,00&nbsp;&euro; Actualizar carrito Aplicar cup\u00f3n Total Subtotal 25,00&nbsp;&euro; Env\u00edo Precio fijo: 10,00&nbsp;&euro; Enviar a Eslovenia. Cambiar direcci\u00f3n Pa\u00eds \/ Regi\u00f3n Selecciona un pa\u00eds\/regi\u00f3n&hellip;Afganist\u00e1nAlbaniaAlemaniaAndorraAngolaAnguilaAnt\u00e1rtidaAntigua y BarbudaArabia SauditaArgeliaArgentinaArmeniaArubaAustraliaAustriaAzerbaijanBahamasBahrainBangladeshBarbadosBelauB\u00e9lgicaBelizeBeninBermudaBhutanBielorrusiaBirmaniaBoliviaBonaire, San Eustaquio y SabaBosnia y HerzegovinaBotswanaBrasilBrun\u00e9iBulgariaBurkina FasoBurundiCabo VerdeCamboyaCamer\u00fanCanad\u00e1ChadChileChinaChipreCiudad del VaticanoColombiaComorasCongo (Brazzaville)Congo (Kinshasa)Corea del NorteCorea del SurCosta de MarfilCosta RicaCroaciaCubaCura&ccedil;aoDinamarcaDjiboutiDominicaEcuadorEgiptoEl SalvadorEmiratos \u00c1rabes UnidosEritreaEslovaquiaEsloveniaEspa\u00f1aEstados Unidos (EEUU)EstoniaEsuatiniEtiop\u00edaFilipinasFinlandiaFiyiFranciaGab\u00f3nGambiaGeorgiaGhanaGibraltarGranadaGreciaGroenlandiaGuadalupeGuamGuatemalaGuayana FrancesaGuernseyGuineaGuinea EcuatorialGuinea-Bis\u00e1uGuyanaHait\u00edHondurasHong KongHungr\u00edaIndiaIndonesiaIrakIr\u00e1nIrlandaIsla BouvetIsla de ManIsla de NavidadIsla NorfolkIsla Santa ElenaIslandiaIslas \u00c5landIslas Caim\u00e1nIslas CocosIslas CookIslas de ultramar menores de Estados Unidos (EEUU)Islas FeroeIslas Georgias y Sandwich del SurIslas Heard y McDonaldIslas MalvinasIslas Marianas del NorteIslas MarshallIslas Salom\u00f3nIslas Turcas y CaicosIslas V\u00edrgenes (Brit\u00e1nicas)Islas V\u00edrgenes (EEUU)IsraelItaliaJamaicaJap\u00f3nJerseyJordaniaKazajist\u00e1nKeniaKirguist\u00e1nKiribatiKuwaitLaosLesotoLetoniaL\u00edbanoLiberiaLibiaLiechtensteinLituaniaLuxemburgoMacaoMacedonia del NorteMadagascarMalasiaMalauiMaldivasMal\u00edMaltaMarruecosMartinicaMauricioMauritaniaMayotteM\u00e9xicoMicronesiaMoldaviaM\u00f3nacoMongoliaMontenegroMontserratMozambiqueNamibiaNauruNepalNicaraguaN\u00edgerNigeriaNiueNoruegaNueva CaledoniaNueva ZelandaOm\u00e1nPa\u00edses BajosPakist\u00e1nPanam\u00e1Pap\u00faa Nueva GuineaParaguayPer\u00faPitcairnPolinesia FrancesaPoloniaPortugalPuerto RicoQatarReino Unido (UK)Rep\u00fablica CentroafricanaRep\u00fablica ChecaRep\u00fablica DominicanaReuni\u00f3nRuandaRumaniaRusiaSahara OccidentalSamoaSamoa AmericanaSan Bartolom\u00e9San Crist\u00f3bal y NievesSan MarinoSan Mart\u00edn (Pa\u00edses Bajos)San Mart\u00edn (parte de Francia)San Pedro y Miquel\u00f3nSan Vicente y las GranadinasSanta Luc\u00edaSanto Tom\u00e9 y Pr\u00edncipeSenegalSerbiaSeychellesSierra LeonaSingapurSiriaSomaliaSri LankaSud\u00e1fricaSud\u00e1nSud\u00e1n del SurSueciaSuizaSurinamSvalbard y Jan MayenTailandiaTaiw\u00e1nTanzaniaTayikist\u00e1nTerritorio Brit\u00e1nico del Oc\u00e9ano \u00cdndicoTerritorios australes francesesTerritorios PalestinosTimor OrientalTogoTokelauTongaTrinidad y TobagoT\u00fanezTurkmenist\u00e1nTurqu\u00edaTuvaluUcraniaUgandaUruguayUzbekist\u00e1nVanuatuVenezuelaVietnamWallis y FutunaYemenZambiaZimbabue Ciudad: C\u00f3digo postal: Actualizar Total 35,00&nbsp;&euro; Proceder al pago<\/p>","protected":false},"author":1,"featured_media":0,"parent":0,"menu_order":0,"comment_status":"closed","ping_status":"closed","template":"elementor_canvas","meta":{"footnotes":""},"class_list":["post-1218","page","type-page","status-publish","hentry"],"_links":{"self":[{"href":"https:\/\/www.rociomarquez.com\/en\/wp-json\/wp\/v2\/pages\/1218","targetHints":{"allow":["GET"]}}],"collection":[{"href":"https:\/\/www.rociomarquez.com\/en\/wp-json\/wp\/v2\/pages"}],"about":[{"href":"https:\/\/www.rociomarquez.com\/en\/wp-json\/wp\/v2\/types\/page"}],"author":[{"embeddable":true,"href":"https:\/\/www.rociomarquez.com\/en\/wp-json\/wp\/v2\/users\/1"}],"replies":[{"embeddable":true,"href":"https:\/\/www.rociomarquez.com\/en\/wp-json\/wp\/v2\/comments?post=1218"}],"version-history":[{"count":40,"href":"https:\/\/www.rociomarquez.com\/en\/wp-json\/wp\/v2\/pages\/1218\/revisions"}],"predecessor-version":[{"id":1437,"href":"https:\/\/www.rociomarquez.com\/en\/wp-json\/wp\/v2\/pages\/1218\/revisions\/1437"}],"wp:attachment":[{"href":"https:\/\/www.rociomarquez.com\/en\/wp-json\/wp\/v2\/media?parent=1218"}],"curies":[{"name":"wp","href":"https:\/\/api.w.org\/{rel}","templated":true}]}}